{"id":7540,"date":"2025-11-17T16:41:09","date_gmt":"2025-11-17T16:41:09","guid":{"rendered":"https:\/\/leaninfinance.mkalab.com\/publications\/"},"modified":"2026-01-16T15:28:54","modified_gmt":"2026-01-16T15:28:54","slug":"publications","status":"publish","type":"page","link":"https:\/\/leaninfinance.mkalab.com\/fr\/publications\/","title":{"rendered":"Publications"},"content":{"rendered":"\t\t<div data-elementor-type=\"wp-page\" data-elementor-id=\"7540\" class=\"elementor elementor-7540 elementor-4233\" data-elementor-post-type=\"page\">\n\t\t\t\t\t\t<section class=\"elementor-section elementor-top-section elementor-element elementor-element-41cb7c21 elementor-section-full_width elementor-section-height-default elementor-section-height-default\" data-id=\"41cb7c21\" data-element_type=\"section\" data-settings=\"{&quot;background_background&quot;:&quot;classic&quot;}\">\n\t\t\t\t\t\t<div class=\"elementor-container elementor-column-gap-default\">\n\t\t\t\t\t<div class=\"elementor-column elementor-col-100 elementor-top-column elementor-element elementor-element-7cda32f2\" data-id=\"7cda32f2\" data-element_type=\"column\">\n\t\t\t<div class=\"elementor-widget-wrap elementor-element-populated\">\n\t\t\t\t\t\t<section class=\"elementor-section elementor-inner-section elementor-element elementor-element-2c31ccb9 elementor-section-boxed elementor-section-height-default elementor-section-height-default\" data-id=\"2c31ccb9\" data-element_type=\"section\">\n\t\t\t\t\t\t<div class=\"elementor-container elementor-column-gap-default\">\n\t\t\t\t\t<div class=\"elementor-column elementor-col-50 elementor-inner-column elementor-element elementor-element-10e5d5de\" data-id=\"10e5d5de\" data-element_type=\"column\">\n\t\t\t<div class=\"elementor-widget-wrap elementor-element-populated\">\n\t\t\t\t\t\t<div class=\"elementor-element elementor-element-4bcb5ce6 elementor-widget-divider--view-line elementor-widget elementor-widget-divider\" data-id=\"4bcb5ce6\" data-element_type=\"widget\" data-widget_type=\"divider.default\">\n\t\t\t\t\t\t\t<div class=\"elementor-divider\">\n\t\t\t<span class=\"elementor-divider-separator\">\n\t\t\t\t\t\t<\/span>\n\t\t<\/div>\n\t\t\t\t\t\t<\/div>\n\t\t\t\t\t<\/div>\n\t\t<\/div>\n\t\t\t\t<div class=\"elementor-column elementor-col-50 elementor-inner-column elementor-element elementor-element-3f708ae6\" data-id=\"3f708ae6\" data-element_type=\"column\">\n\t\t\t<div class=\"elementor-widget-wrap elementor-element-populated\">\n\t\t\t\t\t\t<div class=\"elementor-element elementor-element-4a0d3f1 elementor-widget elementor-widget-heading\" data-id=\"4a0d3f1\" data-element_type=\"widget\" data-widget_type=\"heading.default\">\n\t\t\t\t\t<h2 class=\"elementor-heading-title elementor-size-default\">Publications<\/h2>\t\t\t\t<\/div>\n\t\t\t\t<div class=\"elementor-element elementor-element-74221b5 elementor-align-left elementor-widget elementor-widget-breadcrumbs\" data-id=\"74221b5\" data-element_type=\"widget\" data-widget_type=\"breadcrumbs.default\">\n\t\t\t\t\t<p id=\"breadcrumbs\"><span><span><a href=\"https:\/\/leaninfinance.mkalab.com\/fr\/\">Home<\/a><\/span><\/span><\/p>\t\t\t\t<\/div>\n\t\t\t\t\t<\/div>\n\t\t<\/div>\n\t\t\t\t\t<\/div>\n\t\t<\/section>\n\t\t\t\t\t<\/div>\n\t\t<\/div>\n\t\t\t\t\t<\/div>\n\t\t<\/section>\n\t\t\t\t<section class=\"elementor-section elementor-top-section elementor-element elementor-element-10c15d9 elementor-section-full_width elementor-section-height-default elementor-section-height-default\" data-id=\"10c15d9\" data-element_type=\"section\" data-settings=\"{&quot;background_background&quot;:&quot;classic&quot;}\">\n\t\t\t\t\t\t<div class=\"elementor-container elementor-column-gap-default\">\n\t\t\t\t\t<div class=\"elementor-column elementor-col-100 elementor-top-column elementor-element elementor-element-8e3bfb9\" data-id=\"8e3bfb9\" data-element_type=\"column\">\n\t\t\t<div class=\"elementor-widget-wrap elementor-element-populated\">\n\t\t\t\t\t\t<section class=\"elementor-section elementor-inner-section elementor-element elementor-element-02adc73 elementor-section-boxed elementor-section-height-default elementor-section-height-default\" data-id=\"02adc73\" data-element_type=\"section\">\n\t\t\t\t\t\t<div class=\"elementor-container elementor-column-gap-default\">\n\t\t\t\t\t<div class=\"elementor-column elementor-col-100 elementor-inner-column elementor-element elementor-element-44d95d9\" data-id=\"44d95d9\" data-element_type=\"column\">\n\t\t\t<div class=\"elementor-widget-wrap elementor-element-populated\">\n\t\t\t\t\t\t<div class=\"elementor-element elementor-element-bcc0bbf elementor-widget elementor-widget-text-editor\" data-id=\"bcc0bbf\" data-element_type=\"widget\" data-widget_type=\"text-editor.default\">\n\t\t\t\t\t\t\t\t\t<p><b>De l\u2019industrie manufacturi\u00e8re au secteur bancaire et aux services : un voyage d\u2019une vie \u00e0 travers le Lean, l\u2019innovation et l\u2019excellence durable.<\/b> <br><i>Par Alessandro Morelli<\/i><\/p>\t\t\t\t\t\t\t\t<\/div>\n\t\t\t\t\t<\/div>\n\t\t<\/div>\n\t\t\t\t\t<\/div>\n\t\t<\/section>\n\t\t\t\t\t<\/div>\n\t\t<\/div>\n\t\t\t\t\t<\/div>\n\t\t<\/section>\n\t\t\t\t<section class=\"elementor-section elementor-top-section elementor-element elementor-element-9f5a788 elementor-section-boxed elementor-section-height-default elementor-section-height-default\" data-id=\"9f5a788\" data-element_type=\"section\">\n\t\t\t\t\t\t<div class=\"elementor-container elementor-column-gap-default\">\n\t\t\t\t\t<div class=\"elementor-column elementor-col-33 elementor-top-column elementor-element elementor-element-583b453\" data-id=\"583b453\" data-element_type=\"column\">\n\t\t\t<div class=\"elementor-widget-wrap elementor-element-populated\">\n\t\t\t\t\t\t<div class=\"elementor-element elementor-element-045c63a elementor-position-top elementor-widget elementor-widget-image-box\" data-id=\"045c63a\" data-element_type=\"widget\" data-widget_type=\"image-box.default\">\n\t\t\t\t\t<div class=\"elementor-image-box-wrapper\"><figure class=\"elementor-image-box-img\"><a href=\"https:\/\/leaninfinance.mkalab.com\/fr\/publications\/transformation-guidee-par-les-personnes\/\" tabindex=\"-1\"><img fetchpriority=\"high\" decoding=\"async\" width=\"600\" height=\"535\" src=\"https:\/\/leaninfinance.mkalab.com\/wp-content\/uploads\/2025\/11\/people-pubblications.jpg\" class=\"attachment-full size-full wp-image-7443\" alt=\"\" srcset=\"https:\/\/leaninfinance.mkalab.com\/wp-content\/uploads\/2025\/11\/people-pubblications.jpg 600w, https:\/\/leaninfinance.mkalab.com\/wp-content\/uploads\/2025\/11\/people-pubblications-300x268.jpg 300w\" sizes=\"(max-width: 600px) 100vw, 600px\" \/><\/a><\/figure><div class=\"elementor-image-box-content\"><h3 class=\"elementor-image-box-title\"><a href=\"https:\/\/leaninfinance.mkalab.com\/fr\/publications\/transformation-guidee-par-les-personnes\/\">People Lead Transformation<\/a><\/h3><p class=\"elementor-image-box-description\">Pr\u00e9face de Teresa Sbano, Global Head de la Blue Belt Academy et Master Black Belt reconnue chez Amundi, et de Paolo Salomone, Underwriting Operations Manager et expert Master Black Belt chez Chubb European Group SE.<\/p><\/div><\/div>\t\t\t\t<\/div>\n\t\t\t\t<div class=\"elementor-element elementor-element-3298f38 elementor-align-left elementor-widget elementor-widget-button\" data-id=\"3298f38\" data-element_type=\"widget\" data-widget_type=\"button.default\">\n\t\t\t\t\t\t\t\t\t\t<a class=\"elementor-button elementor-button-link elementor-size-sm\" href=\"https:\/\/leaninfinance.mkalab.com\/it\/pubblicazioni\/trasformazione-guidata-dalle-persone\/\">\n\t\t\t\t\t\t<span class=\"elementor-button-content-wrapper\">\n\t\t\t\t\t\t\t\t\t<span class=\"elementor-button-text\">En savoir plus<\/span>\n\t\t\t\t\t<\/span>\n\t\t\t\t\t<\/a>\n\t\t\t\t\t\t\t\t<\/div>\n\t\t\t\t\t<\/div>\n\t\t<\/div>\n\t\t\t\t<div class=\"elementor-column elementor-col-33 elementor-top-column elementor-element elementor-element-b5be328\" data-id=\"b5be328\" data-element_type=\"column\">\n\t\t\t<div class=\"elementor-widget-wrap elementor-element-populated\">\n\t\t\t\t\t\t<div class=\"elementor-element elementor-element-7660d27 elementor-position-top elementor-widget elementor-widget-image-box\" data-id=\"7660d27\" data-element_type=\"widget\" data-widget_type=\"image-box.default\">\n\t\t\t\t\t<div class=\"elementor-image-box-wrapper\"><figure class=\"elementor-image-box-img\"><a href=\"https:\/\/leaninfinance.mkalab.com\/fr\/publications\/lean-banking\/\" tabindex=\"-1\"><img decoding=\"async\" width=\"600\" height=\"535\" src=\"https:\/\/leaninfinance.mkalab.com\/wp-content\/uploads\/2025\/11\/lean-banking-pubblications.jpg\" class=\"attachment-full size-full wp-image-7442\" alt=\"\" srcset=\"https:\/\/leaninfinance.mkalab.com\/wp-content\/uploads\/2025\/11\/lean-banking-pubblications.jpg 600w, https:\/\/leaninfinance.mkalab.com\/wp-content\/uploads\/2025\/11\/lean-banking-pubblications-300x268.jpg 300w\" sizes=\"(max-width: 600px) 100vw, 600px\" \/><\/a><\/figure><div class=\"elementor-image-box-content\"><h3 class=\"elementor-image-box-title\"><a href=\"https:\/\/leaninfinance.mkalab.com\/fr\/publications\/lean-banking\/\">Lean Banking<\/a><\/h3><p class=\"elementor-image-box-description\">Lean Banking est l\u2019un des premiers ouvrages complets \u00e0 appliquer efficacement les principes du Lean Six Sigma au secteur des services financiers. Publi\u00e9 par Il Sole 24 Ore, avec une pr\u00e9face de Mikel J. Harry.  <\/p><\/div><\/div>\t\t\t\t<\/div>\n\t\t\t\t<div class=\"elementor-element elementor-element-e03f7c8 elementor-align-left elementor-widget elementor-widget-button\" data-id=\"e03f7c8\" data-element_type=\"widget\" data-widget_type=\"button.default\">\n\t\t\t\t\t\t\t\t\t\t<a class=\"elementor-button elementor-button-link elementor-size-sm\" href=\"https:\/\/leaninfinance.mkalab.com\/publications\/lean-banking\/\">\n\t\t\t\t\t\t<span class=\"elementor-button-content-wrapper\">\n\t\t\t\t\t\t\t\t\t<span class=\"elementor-button-text\">En savoir plus<\/span>\n\t\t\t\t\t<\/span>\n\t\t\t\t\t<\/a>\n\t\t\t\t\t\t\t\t<\/div>\n\t\t\t\t\t<\/div>\n\t\t<\/div>\n\t\t\t\t<div class=\"elementor-column elementor-col-33 elementor-top-column elementor-element elementor-element-4a40a9e\" data-id=\"4a40a9e\" data-element_type=\"column\">\n\t\t\t<div class=\"elementor-widget-wrap elementor-element-populated\">\n\t\t\t\t\t\t<div class=\"elementor-element elementor-element-b75ce96 elementor-position-top elementor-widget elementor-widget-image-box\" data-id=\"b75ce96\" data-element_type=\"widget\" data-widget_type=\"image-box.default\">\n\t\t\t\t\t<div class=\"elementor-image-box-wrapper\"><figure class=\"elementor-image-box-img\"><a href=\"https:\/\/leaninfinance.mkalab.com\/fr\/publications\/lean-for-green\/\" tabindex=\"-1\"><img decoding=\"async\" width=\"600\" height=\"535\" src=\"https:\/\/leaninfinance.mkalab.com\/wp-content\/uploads\/2025\/11\/lean-for-green-pubblication.jpg\" class=\"attachment-full size-full wp-image-7441\" alt=\"\" srcset=\"https:\/\/leaninfinance.mkalab.com\/wp-content\/uploads\/2025\/11\/lean-for-green-pubblication.jpg 600w, https:\/\/leaninfinance.mkalab.com\/wp-content\/uploads\/2025\/11\/lean-for-green-pubblication-300x268.jpg 300w\" sizes=\"(max-width: 600px) 100vw, 600px\" \/><\/a><\/figure><div class=\"elementor-image-box-content\"><h3 class=\"elementor-image-box-title\"><a href=\"https:\/\/leaninfinance.mkalab.com\/fr\/publications\/lean-for-green\/\">Lean for Green<\/a><\/h3><p class=\"elementor-image-box-description\">Lean for Green relie le Lean Six Sigma \u00e0 la durabilit\u00e9 afin d\u2019am\u00e9liorer la performance et de r\u00e9duire l\u2019impact environnemental. Pr\u00e9face de Karl-Friedrich et Caroline Scheufele, co-pr\u00e9sidents du Groupe Chopard.  <\/p><\/div><\/div>\t\t\t\t<\/div>\n\t\t\t\t<div class=\"elementor-element elementor-element-544f785 elementor-align-left elementor-widget elementor-widget-button\" data-id=\"544f785\" data-element_type=\"widget\" data-widget_type=\"button.default\">\n\t\t\t\t\t\t\t\t\t\t<a class=\"elementor-button elementor-button-link elementor-size-sm\" href=\"https:\/\/leaninfinance.mkalab.com\/publications\/lean-for-green\/\">\n\t\t\t\t\t\t<span class=\"elementor-button-content-wrapper\">\n\t\t\t\t\t\t\t\t\t<span class=\"elementor-button-text\">En savoir plus<\/span>\n\t\t\t\t\t<\/span>\n\t\t\t\t\t<\/a>\n\t\t\t\t\t\t\t\t<\/div>\n\t\t\t\t\t<\/div>\n\t\t<\/div>\n\t\t\t\t\t<\/div>\n\t\t<\/section>\n\t\t\t\t<\/div>\n\t\t","protected":false},"excerpt":{"rendered":"<p>Publications De l\u2019industrie manufacturi\u00e8re au secteur bancaire et aux services : un voyage d\u2019une vie \u00e0 travers le Lean, l\u2019innovation et l\u2019excellence durable. Par Alessandro Morelli People Lead Transformation Pr\u00e9face de Teresa Sbano, Global Head de la Blue Belt Academy et Master Black Belt reconnue chez Amundi, et de Paolo Salomone, Underwriting Operations Manager et [&hellip;]<\/p>\n","protected":false},"author":1,"featured_media":0,"parent":0,"menu_order":0,"comment_status":"closed","ping_status":"closed","template":"","meta":{"_acf_changed":false,"_eb_attr":"","footnotes":""},"class_list":["post-7540","page","type-page","status-publish","hentry"],"acf":[],"yoast_head":"<!-- This site is optimized with the Yoast SEO plugin v26.8 - https:\/\/yoast.com\/product\/yoast-seo-wordpress\/ -->\n<title>Publications - Lean in Finance<\/title>\n<meta name=\"robots\" content=\"noindex, follow, max-snippet:-1, max-image-preview:large, max-video-preview:-1\" \/>\n<meta property=\"og:locale\" content=\"fr_FR\" \/>\n<meta property=\"og:type\" content=\"article\" \/>\n<meta property=\"og:title\" content=\"Publications - Lean in Finance\" \/>\n<meta property=\"og:description\" content=\"Publications De l\u2019industrie manufacturi\u00e8re au secteur bancaire et aux services : un voyage d\u2019une vie \u00e0 travers le Lean, l\u2019innovation et l\u2019excellence durable. Par Alessandro Morelli People Lead Transformation Pr\u00e9face de Teresa Sbano, Global Head de la Blue Belt Academy et Master Black Belt reconnue chez Amundi, et de Paolo Salomone, Underwriting Operations Manager et [&hellip;]\" \/>\n<meta property=\"og:url\" content=\"https:\/\/leaninfinance.mkalab.com\/fr\/publications\/\" \/>\n<meta property=\"og:site_name\" content=\"Lean in Finance\" \/>\n<meta property=\"article:modified_time\" content=\"2026-01-16T15:28:54+00:00\" \/>\n<meta property=\"og:image\" content=\"https:\/\/leaninfinance.mkalab.com\/wp-content\/uploads\/2025\/11\/people-pubblications.jpg\" \/>\n\t<meta property=\"og:image:width\" content=\"600\" \/>\n\t<meta property=\"og:image:height\" content=\"535\" \/>\n\t<meta property=\"og:image:type\" content=\"image\/jpeg\" \/>\n<meta name=\"twitter:card\" content=\"summary_large_image\" \/>\n<meta name=\"twitter:label1\" content=\"Dur\u00e9e de lecture estim\u00e9e\" \/>\n\t<meta name=\"twitter:data1\" content=\"2 minutes\" \/>\n<script type=\"application\/ld+json\" class=\"yoast-schema-graph\">{\"@context\":\"https:\/\/schema.org\",\"@graph\":[{\"@type\":\"WebPage\",\"@id\":\"https:\/\/leaninfinance.mkalab.com\/fr\/publications\/\",\"url\":\"https:\/\/leaninfinance.mkalab.com\/fr\/publications\/\",\"name\":\"Publications - Lean in Finance\",\"isPartOf\":{\"@id\":\"https:\/\/leaninfinance.mkalab.com\/fr\/#website\"},\"primaryImageOfPage\":{\"@id\":\"https:\/\/leaninfinance.mkalab.com\/fr\/publications\/#primaryimage\"},\"image\":{\"@id\":\"https:\/\/leaninfinance.mkalab.com\/fr\/publications\/#primaryimage\"},\"thumbnailUrl\":\"https:\/\/leaninfinance.mkalab.com\/wp-content\/uploads\/2025\/11\/people-pubblications.jpg\",\"datePublished\":\"2025-11-17T16:41:09+00:00\",\"dateModified\":\"2026-01-16T15:28:54+00:00\",\"breadcrumb\":{\"@id\":\"https:\/\/leaninfinance.mkalab.com\/fr\/publications\/#breadcrumb\"},\"inLanguage\":\"fr-FR\",\"potentialAction\":[{\"@type\":\"ReadAction\",\"target\":[\"https:\/\/leaninfinance.mkalab.com\/fr\/publications\/\"]}]},{\"@type\":\"ImageObject\",\"inLanguage\":\"fr-FR\",\"@id\":\"https:\/\/leaninfinance.mkalab.com\/fr\/publications\/#primaryimage\",\"url\":\"https:\/\/leaninfinance.mkalab.com\/wp-content\/uploads\/2025\/11\/people-pubblications.jpg\",\"contentUrl\":\"https:\/\/leaninfinance.mkalab.com\/wp-content\/uploads\/2025\/11\/people-pubblications.jpg\"},{\"@type\":\"BreadcrumbList\",\"@id\":\"https:\/\/leaninfinance.mkalab.com\/fr\/publications\/#breadcrumb\",\"itemListElement\":[{\"@type\":\"ListItem\",\"position\":1,\"name\":\"Home\",\"item\":\"https:\/\/leaninfinance.mkalab.com\/fr\/\"},{\"@type\":\"ListItem\",\"position\":2,\"name\":\"Publications\"}]},{\"@type\":\"WebSite\",\"@id\":\"https:\/\/leaninfinance.mkalab.com\/fr\/#website\",\"url\":\"https:\/\/leaninfinance.mkalab.com\/fr\/\",\"name\":\"Lean in Finance\",\"description\":\"\",\"publisher\":{\"@id\":\"https:\/\/leaninfinance.mkalab.com\/fr\/#organization\"},\"potentialAction\":[{\"@type\":\"SearchAction\",\"target\":{\"@type\":\"EntryPoint\",\"urlTemplate\":\"https:\/\/leaninfinance.mkalab.com\/fr\/?s={search_term_string}\"},\"query-input\":{\"@type\":\"PropertyValueSpecification\",\"valueRequired\":true,\"valueName\":\"search_term_string\"}}],\"inLanguage\":\"fr-FR\"},{\"@type\":\"Organization\",\"@id\":\"https:\/\/leaninfinance.mkalab.com\/fr\/#organization\",\"name\":\"Lean in Finance\",\"url\":\"https:\/\/leaninfinance.mkalab.com\/fr\/\",\"logo\":{\"@type\":\"ImageObject\",\"inLanguage\":\"fr-FR\",\"@id\":\"https:\/\/leaninfinance.mkalab.com\/fr\/#\/schema\/logo\/image\/\",\"url\":\"https:\/\/leaninfinance.mkalab.com\/wp-content\/uploads\/2025\/10\/verticle.svg\",\"contentUrl\":\"https:\/\/leaninfinance.mkalab.com\/wp-content\/uploads\/2025\/10\/verticle.svg\",\"width\":705,\"height\":169,\"caption\":\"Lean in Finance\"},\"image\":{\"@id\":\"https:\/\/leaninfinance.mkalab.com\/fr\/#\/schema\/logo\/image\/\"}}]}<\/script>\n<!-- \/ Yoast SEO plugin. -->","yoast_head_json":{"title":"Publications - Lean in Finance","robots":{"index":"noindex","follow":"follow","max-snippet":"max-snippet:-1","max-image-preview":"max-image-preview:large","max-video-preview":"max-video-preview:-1"},"og_locale":"fr_FR","og_type":"article","og_title":"Publications - Lean in Finance","og_description":"Publications De l\u2019industrie manufacturi\u00e8re au secteur bancaire et aux services : un voyage d\u2019une vie \u00e0 travers le Lean, l\u2019innovation et l\u2019excellence durable. Par Alessandro Morelli People Lead Transformation Pr\u00e9face de Teresa Sbano, Global Head de la Blue Belt Academy et Master Black Belt reconnue chez Amundi, et de Paolo Salomone, Underwriting Operations Manager et [&hellip;]","og_url":"https:\/\/leaninfinance.mkalab.com\/fr\/publications\/","og_site_name":"Lean in Finance","article_modified_time":"2026-01-16T15:28:54+00:00","og_image":[{"width":600,"height":535,"url":"https:\/\/leaninfinance.mkalab.com\/wp-content\/uploads\/2025\/11\/people-pubblications.jpg","type":"image\/jpeg"}],"twitter_card":"summary_large_image","twitter_misc":{"Dur\u00e9e de lecture estim\u00e9e":"2 minutes"},"schema":{"@context":"https:\/\/schema.org","@graph":[{"@type":"WebPage","@id":"https:\/\/leaninfinance.mkalab.com\/fr\/publications\/","url":"https:\/\/leaninfinance.mkalab.com\/fr\/publications\/","name":"Publications - Lean in Finance","isPartOf":{"@id":"https:\/\/leaninfinance.mkalab.com\/fr\/#website"},"primaryImageOfPage":{"@id":"https:\/\/leaninfinance.mkalab.com\/fr\/publications\/#primaryimage"},"image":{"@id":"https:\/\/leaninfinance.mkalab.com\/fr\/publications\/#primaryimage"},"thumbnailUrl":"https:\/\/leaninfinance.mkalab.com\/wp-content\/uploads\/2025\/11\/people-pubblications.jpg","datePublished":"2025-11-17T16:41:09+00:00","dateModified":"2026-01-16T15:28:54+00:00","breadcrumb":{"@id":"https:\/\/leaninfinance.mkalab.com\/fr\/publications\/#breadcrumb"},"inLanguage":"fr-FR","potentialAction":[{"@type":"ReadAction","target":["https:\/\/leaninfinance.mkalab.com\/fr\/publications\/"]}]},{"@type":"ImageObject","inLanguage":"fr-FR","@id":"https:\/\/leaninfinance.mkalab.com\/fr\/publications\/#primaryimage","url":"https:\/\/leaninfinance.mkalab.com\/wp-content\/uploads\/2025\/11\/people-pubblications.jpg","contentUrl":"https:\/\/leaninfinance.mkalab.com\/wp-content\/uploads\/2025\/11\/people-pubblications.jpg"},{"@type":"BreadcrumbList","@id":"https:\/\/leaninfinance.mkalab.com\/fr\/publications\/#breadcrumb","itemListElement":[{"@type":"ListItem","position":1,"name":"Home","item":"https:\/\/leaninfinance.mkalab.com\/fr\/"},{"@type":"ListItem","position":2,"name":"Publications"}]},{"@type":"WebSite","@id":"https:\/\/leaninfinance.mkalab.com\/fr\/#website","url":"https:\/\/leaninfinance.mkalab.com\/fr\/","name":"Lean in Finance","description":"","publisher":{"@id":"https:\/\/leaninfinance.mkalab.com\/fr\/#organization"},"potentialAction":[{"@type":"SearchAction","target":{"@type":"EntryPoint","urlTemplate":"https:\/\/leaninfinance.mkalab.com\/fr\/?s={search_term_string}"},"query-input":{"@type":"PropertyValueSpecification","valueRequired":true,"valueName":"search_term_string"}}],"inLanguage":"fr-FR"},{"@type":"Organization","@id":"https:\/\/leaninfinance.mkalab.com\/fr\/#organization","name":"Lean in Finance","url":"https:\/\/leaninfinance.mkalab.com\/fr\/","logo":{"@type":"ImageObject","inLanguage":"fr-FR","@id":"https:\/\/leaninfinance.mkalab.com\/fr\/#\/schema\/logo\/image\/","url":"https:\/\/leaninfinance.mkalab.com\/wp-content\/uploads\/2025\/10\/verticle.svg","contentUrl":"https:\/\/leaninfinance.mkalab.com\/wp-content\/uploads\/2025\/10\/verticle.svg","width":705,"height":169,"caption":"Lean in Finance"},"image":{"@id":"https:\/\/leaninfinance.mkalab.com\/fr\/#\/schema\/logo\/image\/"}}]}},"_links":{"self":[{"href":"https:\/\/leaninfinance.mkalab.com\/fr\/wp-json\/wp\/v2\/pages\/7540","targetHints":{"allow":["GET"]}}],"collection":[{"href":"https:\/\/leaninfinance.mkalab.com\/fr\/wp-json\/wp\/v2\/pages"}],"about":[{"href":"https:\/\/leaninfinance.mkalab.com\/fr\/wp-json\/wp\/v2\/types\/page"}],"author":[{"embeddable":true,"href":"https:\/\/leaninfinance.mkalab.com\/fr\/wp-json\/wp\/v2\/users\/1"}],"replies":[{"embeddable":true,"href":"https:\/\/leaninfinance.mkalab.com\/fr\/wp-json\/wp\/v2\/comments?post=7540"}],"version-history":[{"count":0,"href":"https:\/\/leaninfinance.mkalab.com\/fr\/wp-json\/wp\/v2\/pages\/7540\/revisions"}],"wp:attachment":[{"href":"https:\/\/leaninfinance.mkalab.com\/fr\/wp-json\/wp\/v2\/media?parent=7540"}],"curies":[{"name":"wp","href":"https:\/\/api.w.org\/{rel}","templated":true}]}}